{"id":91,"date":"2020-10-13T21:37:41","date_gmt":"2020-10-14T00:37:41","guid":{"rendered":"https:\/\/www.lamberto-urologista.com.br\/campanha\/site\/?page_id=91"},"modified":"2020-11-09T15:08:20","modified_gmt":"2020-11-09T18:08:20","slug":"a-clinica","status":"publish","type":"page","link":"https:\/\/www.lamberto-urologista.com.br\/campanha\/a-clinica\/","title":{"rendered":"A Cl\u00ednica"},"content":{"rendered":"<h5 class=\"text-uppercase\">Conhe\u00e7a a Clinica<\/h5>\n<h2 class=\"text-uppercase\">Cl\u00ednica Dr. Lamberto Borba<\/h2>\n<p class=\"p-r-60\">A Cl\u00ednica surgiu em 2008, idealizada pelo m\u00e9dico Dr. Lamberto Borba com o intuito de oferecer aos pacientes a especialidade de Urologia.<\/p>\n<p class=\"p-r-60\">Altamente preparada para o tratamento de doen\u00e7as urol\u00f3gicas que acometem homens e mulheres.<\/p>\n<p class=\"p-r-60\">\nA Cl\u00ednica fica localizada rua Marechal Floriano Peixoto, 275 Sl 81 \u00e0 83, Centro &#8211; Blumenau \/ SC, realiza atendimentos cl\u00ednicos e cir\u00fargicos na \u00e1rea urol\u00f3gica, consultas m\u00e9dicas e exames complementares, investiga\u00e7\u00e3o e tratamento em Andrologia.<\/p>\n","protected":false},"excerpt":{"rendered":"<p>Conhe\u00e7a a Clinica Cl\u00ednica Dr. Lamberto Borba A Cl\u00ednica surgiu em 2008, idealizada pelo m\u00e9dico Dr. Lamberto Borba com o intuito de oferecer aos pacientes a especialidade de Urologia. Altamente preparada para o tratamento de doen\u00e7as urol\u00f3gicas que acometem homens e mulheres. A Cl\u00ednica fica localizada rua Marechal Floriano Peixoto, 275 Sl 81 \u00e0 83, [&hellip;]<\/p>\n","protected":false},"author":1,"featured_media":0,"parent":0,"menu_order":0,"comment_status":"closed","ping_status":"closed","template":"a-clinica.php","meta":{"footnotes":"","_joinchat":[]},"acf":[],"_links":{"self":[{"href":"https:\/\/www.lamberto-urologista.com.br\/campanha\/wp-json\/wp\/v2\/pages\/91"}],"collection":[{"href":"https:\/\/www.lamberto-urologista.com.br\/campanha\/wp-json\/wp\/v2\/pages"}],"about":[{"href":"https:\/\/www.lamberto-urologista.com.br\/campanha\/wp-json\/wp\/v2\/types\/page"}],"author":[{"embeddable":true,"href":"https:\/\/www.lamberto-urologista.com.br\/campanha\/wp-json\/wp\/v2\/users\/1"}],"replies":[{"embeddable":true,"href":"https:\/\/www.lamberto-urologista.com.br\/campanha\/wp-json\/wp\/v2\/comments?post=91"}],"version-history":[{"count":18,"href":"https:\/\/www.lamberto-urologista.com.br\/campanha\/wp-json\/wp\/v2\/pages\/91\/revisions"}],"predecessor-version":[{"id":536,"href":"https:\/\/www.lamberto-urologista.com.br\/campanha\/wp-json\/wp\/v2\/pages\/91\/revisions\/536"}],"wp:attachment":[{"href":"https:\/\/www.lamberto-urologista.com.br\/campanha\/wp-json\/wp\/v2\/media?parent=91"}],"curies":[{"name":"wp","href":"https:\/\/api.w.org\/{rel}","templated":true}]}}