{"id":7,"date":"2020-10-12T21:44:02","date_gmt":"2020-10-13T00:44:02","guid":{"rendered":"https:\/\/www.lamberto-urologista.com.br\/campanha\/site\/?page_id=7"},"modified":"2021-01-07T11:02:10","modified_gmt":"2021-01-07T14:02:10","slug":"home","status":"publish","type":"page","link":"https:\/\/www.lamberto-urologista.com.br\/campanha\/","title":{"rendered":"Home"},"content":{"rendered":"<h1>Dr. Lamberto Borba<\/h1>\n<p>Especialista em Urologia, com mais de 15 anos de atua\u00e7\u00e3o, membro efetivo da Sociedade Brasileira de Urologia e membro efetivo do Servi\u00e7o de Urologia do Hospital Santa Isabel de Blumenau.<\/p>\n<p>&nbsp;<\/p>\n<h3>Conhe\u00e7a o<br \/>\nDr. Lamberto<\/h3>\n<p>O Dr. Lamberto Borba especialista em Urologia e membro efetivo da Sociedade Brasileira de Urologia<\/p>\n<p><a role=\"button\" href=\"https:\/\/www.lamberto-urologista.com.br\/campanha\/site\/equipe\/\"><br \/>\nSaiba Mais<br \/>\n<\/a><\/p>\n<h3>Tratamentos<br \/>\nRealizados<\/h3>\n<p>Atendimentos de excel\u00eancia desde a primeira consulta at\u00e9 o acompanhamento no p\u00f3s-cir\u00fargico.<\/p>\n<p><a role=\"button\" href=\"https:\/\/www.lamberto-urologista.com.br\/campanha\/site\/tratamentos\/\"><br \/>\nSaiba Mais<br \/>\n<\/a><\/p>\n<h3>Conv\u00eanios<br \/>\nAtendidos<\/h3>\n<p>Consultas particulares e os principais conv\u00eanios. Veja os planos de sa\u00fade que aceitamos.<\/p>\n<p><a role=\"button\" href=\"https:\/\/www.lamberto-urologista.com.br\/campanha\/site\/convenios\/\"><br \/>\nSaiba Mais<br \/>\n<\/a><br \/>\n<img decoding=\"async\" loading=\"lazy\" src=\"https:\/\/www.lamberto-urologista.com.br\/campanha\/home\/site\/wp-content\/uploads\/2020\/10\/clinica-urologia-urolak.jpg\" sizes=\"(max-width: 960px) 100vw, 960px\" srcset=\"https:\/\/www.lamberto-urologista.com.br\/campanha\/site\/wp-content\/uploads\/2020\/10\/clinica-urologia-urolak.jpg 960w, https:\/\/www.lamberto-urologista.com.br\/campanha\/site\/wp-content\/uploads\/2020\/10\/clinica-urologia-urolak-300x200.jpg 300w, https:\/\/www.lamberto-urologista.com.br\/campanha\/site\/wp-content\/uploads\/2020\/10\/clinica-urologia-urolak-768x512.jpg 768w\" alt=\"\" width=\"960\" height=\"640\" \/><\/p>\n<h6>CONHE\u00c7A A CL\u00cdNICA<\/h6>\n<h1>Cl\u00ednica Dr. Lamberto Borba Urologista<\/h1>\n<p>Reconhecida como uma cl\u00ednica de refer\u00eancia em Urologia na cidade de Blumenau, a Cl\u00ednica Dr. Lamberto Borba se orgulha da ampla experi\u00eancia no tratamento das doen\u00e7as do trato urin\u00e1rio.<\/p>\n<p>O Dr. Lamberto, se mant\u00eam em constante atualiza\u00e7\u00e3o de novas t\u00e9cnicas e procedimentos para oferecer o que h\u00e1 de mais moderno e inovador, como cirurgias rob\u00f3ticas e procedimentos minimamente invasivos no tratamento de patologias urol\u00f3gicas, participando de congressos e eventos de Urologia no Brasil e exterior.<\/p>\n<p><a role=\"button\" href=\"https:\/\/www.lamberto-urologista.com.br\/campanha\/site\/a-clinica\/\"><br \/>\nSaiba Mais<br \/>\n<\/a><\/p>\n<h6>Diferenciais da Cl\u00ednica Dr. Lamberto Borba<\/h6>\n<h2>Procedimentos Realizados<\/h2>\n<p>Dr. Lamberto Borba se mant\u00eam em constante atualiza\u00e7\u00e3o de novas t\u00e9cnicas e procedimentos para oferecer o que h\u00e1 de mais moderno e inovador, tudo isso pensando sempre no paciente em primeiro lugar.<\/p>\n<h4>Cirurgia Minimamente Invasiva<\/h4>\n<h4>Cirurgia rob\u00f3tica<\/h4>\n<h4>Tratamentos com Laser e Ondas de Choque<\/h4>\n<h4>Litotripsia Extracorp\u00f3rea<\/h4>\n<h4>Tratamento Percut\u00e2nea e Mini Percut\u00e2nea<\/h4>\n","protected":false},"excerpt":{"rendered":"<p>Dr. Lamberto Borba Especialista em Urologia, com mais de 15 anos de atua\u00e7\u00e3o, membro efetivo da Sociedade Brasileira de Urologia e membro efetivo do Servi\u00e7o de Urologia do Hospital Santa Isabel de Blumenau. &nbsp; Conhe\u00e7a o Dr. Lamberto O Dr. Lamberto Borba especialista em Urologia e membro efetivo da Sociedade Brasileira de Urologia Saiba Mais [&hellip;]<\/p>\n","protected":false},"author":1,"featured_media":0,"parent":0,"menu_order":0,"comment_status":"closed","ping_status":"closed","template":"home.php","meta":{"footnotes":"","_joinchat":[]},"acf":[],"_links":{"self":[{"href":"https:\/\/www.lamberto-urologista.com.br\/campanha\/wp-json\/wp\/v2\/pages\/7"}],"collection":[{"href":"https:\/\/www.lamberto-urologista.com.br\/campanha\/wp-json\/wp\/v2\/pages"}],"about":[{"href":"https:\/\/www.lamberto-urologista.com.br\/campanha\/wp-json\/wp\/v2\/types\/page"}],"author":[{"embeddable":true,"href":"https:\/\/www.lamberto-urologista.com.br\/campanha\/wp-json\/wp\/v2\/users\/1"}],"replies":[{"embeddable":true,"href":"https:\/\/www.lamberto-urologista.com.br\/campanha\/wp-json\/wp\/v2\/comments?post=7"}],"version-history":[{"count":94,"href":"https:\/\/www.lamberto-urologista.com.br\/campanha\/wp-json\/wp\/v2\/pages\/7\/revisions"}],"predecessor-version":[{"id":557,"href":"https:\/\/www.lamberto-urologista.com.br\/campanha\/wp-json\/wp\/v2\/pages\/7\/revisions\/557"}],"wp:attachment":[{"href":"https:\/\/www.lamberto-urologista.com.br\/campanha\/wp-json\/wp\/v2\/media?parent=7"}],"curies":[{"name":"wp","href":"https:\/\/api.w.org\/{rel}","templated":true}]}}